{"id":6111,"date":"2026-04-15T14:23:37","date_gmt":"2026-04-15T12:23:37","guid":{"rendered":"https:\/\/alluringbeauty.sk\/?post_type=product&#038;p=6111"},"modified":"2026-04-15T14:26:58","modified_gmt":"2026-04-15T12:26:58","slug":"retinol-blemish-complex-kopia","status":"publish","type":"product","link":"https:\/\/alluringbeauty.sk\/en\/produkt\/retinol-blemish-complex-kopia\/","title":{"rendered":"NECK COMPLEX"},"content":{"rendered":"<div class=\"main-product__block main-product__block-custom_text\">\n<div class=\"bottom-block__text\">\n<div class=\"prose\">\n<div class=\"metafield-rich_text_field\">\n<p>Anti-aging serum for the neck and d\u00e9collet\u00e9<\/p>\n<p>It smooths fine lines, firms the skin, and improves its elasticity in the neck and d\u00e9collet\u00e9 area, where signs of aging appear most quickly. The advanced formula with peptides and growth factors promotes collagen production, evens out skin tone, and visibly reduces sagging. <\/p>\n<p>It helps improve skin texture, brightens the skin, and restores its youthful appearance. The ideal solution for loss of firmness, horizontal neck wrinkles, and uneven skin tone. <\/p>\n<p>Directions:<br \/>\nApply a small amount of the product to clean skin on the neck and d\u00e9collet\u00e9. Gently massage upward. Use morning and evening.  <\/p>\n<\/div>\n<p>50ml<\/p>\n<\/div>\n<\/div>\n<\/div>\n","protected":false},"excerpt":{"rendered":"<p>Anti-aging serum for the neck and d\u00e9collet\u00e9 It smooths fine lines, firms the skin, and improves its elasticity in the neck and d\u00e9collet\u00e9 area, where signs of aging appear most quickly. The advanced formula with peptides and growth factors promotes collagen production, evens out skin tone, and visibly reduces sagging. It helps improve skin texture, [&hellip;]<\/p>\n","protected":false},"featured_media":6113,"template":"","meta":[],"product_brand":[],"product_cat":[59],"product_tag":[],"class_list":{"0":"post-6111","1":"product","2":"type-product","3":"status-publish","4":"has-post-thumbnail","6":"product_cat-prevention-and-correction","8":"first","9":"instock","10":"taxable","11":"shipping-taxable","12":"purchasable","13":"product-type-simple"},"yoast_head":"<!-- This site is optimized with the Yoast SEO plugin v27.3 - https:\/\/yoast.com\/product\/yoast-seo-wordpress\/ -->\n<title>NECK COMPLEX - Alluring Beauty<\/title>\n<meta name=\"robots\" content=\"index, follow, max-snippet:-1, max-image-preview:large, max-video-preview:-1\" \/>\n<link rel=\"canonical\" href=\"https:\/\/alluringbeauty.sk\/en\/produkt\/retinol-blemish-complex-kopia\/\" \/>\n<meta property=\"og:locale\" content=\"en_US\" \/>\n<meta property=\"og:type\" content=\"article\" \/>\n<meta property=\"og:title\" content=\"NECK COMPLEX - Alluring Beauty\" \/>\n<meta property=\"og:description\" content=\"Anti-aging serum for the neck and d\u00e9collet\u00e9 It smooths fine lines, firms the skin, and improves its elasticity in the neck and d\u00e9collet\u00e9 area, where signs of aging appear most quickly. The advanced formula with peptides and growth factors promotes collagen production, evens out skin tone, and visibly reduces sagging. It helps improve skin texture, [&hellip;]\" \/>\n<meta property=\"og:url\" content=\"https:\/\/alluringbeauty.sk\/en\/produkt\/retinol-blemish-complex-kopia\/\" \/>\n<meta property=\"og:site_name\" content=\"Alluring Beauty\" \/>\n<meta property=\"article:modified_time\" content=\"2026-04-15T12:26:58+00:00\" \/>\n<meta property=\"og:image\" content=\"https:\/\/ez9ohzr8im2.exactdn.com\/wp-content\/uploads\/2026\/04\/WhatsApp-Image-2026-04-11-at-07.39.52-e1776255918668.jpeg?strip=all\" \/>\n\t<meta property=\"og:image:width\" content=\"965\" \/>\n\t<meta property=\"og:image:height\" content=\"965\" \/>\n\t<meta property=\"og:image:type\" content=\"image\/jpeg\" \/>\n<meta name=\"twitter:card\" content=\"summary_large_image\" \/>\n<meta name=\"twitter:label1\" content=\"Est. reading time\" \/>\n\t<meta name=\"twitter:data1\" content=\"1 minute\" \/>\n<script type=\"application\/ld+json\" class=\"yoast-schema-graph\">{\"@context\":\"https:\\\/\\\/schema.org\",\"@graph\":[{\"@type\":\"WebPage\",\"@id\":\"https:\\\/\\\/alluringbeauty.sk\\\/en\\\/produkt\\\/retinol-blemish-complex-kopia\\\/\",\"url\":\"https:\\\/\\\/alluringbeauty.sk\\\/en\\\/produkt\\\/retinol-blemish-complex-kopia\\\/\",\"name\":\"NECK COMPLEX - Alluring Beauty\",\"isPartOf\":{\"@id\":\"https:\\\/\\\/alluringbeauty.sk\\\/en\\\/#website\"},\"primaryImageOfPage\":{\"@id\":\"https:\\\/\\\/alluringbeauty.sk\\\/en\\\/produkt\\\/retinol-blemish-complex-kopia\\\/#primaryimage\"},\"image\":{\"@id\":\"https:\\\/\\\/alluringbeauty.sk\\\/en\\\/produkt\\\/retinol-blemish-complex-kopia\\\/#primaryimage\"},\"thumbnailUrl\":\"https:\\\/\\\/ez9ohzr8im2.exactdn.com\\\/wp-content\\\/uploads\\\/2026\\\/04\\\/WhatsApp-Image-2026-04-11-at-07.39.52-e1776255918668.jpeg?strip=all\",\"datePublished\":\"2026-04-15T12:23:37+00:00\",\"dateModified\":\"2026-04-15T12:26:58+00:00\",\"breadcrumb\":{\"@id\":\"https:\\\/\\\/alluringbeauty.sk\\\/en\\\/produkt\\\/retinol-blemish-complex-kopia\\\/#breadcrumb\"},\"inLanguage\":\"en-US\",\"potentialAction\":[{\"@type\":\"ReadAction\",\"target\":[\"https:\\\/\\\/alluringbeauty.sk\\\/en\\\/produkt\\\/retinol-blemish-complex-kopia\\\/\"]}]},{\"@type\":\"ImageObject\",\"inLanguage\":\"en-US\",\"@id\":\"https:\\\/\\\/alluringbeauty.sk\\\/en\\\/produkt\\\/retinol-blemish-complex-kopia\\\/#primaryimage\",\"url\":\"https:\\\/\\\/ez9ohzr8im2.exactdn.com\\\/wp-content\\\/uploads\\\/2026\\\/04\\\/WhatsApp-Image-2026-04-11-at-07.39.52-e1776255918668.jpeg?strip=all\",\"contentUrl\":\"https:\\\/\\\/ez9ohzr8im2.exactdn.com\\\/wp-content\\\/uploads\\\/2026\\\/04\\\/WhatsApp-Image-2026-04-11-at-07.39.52-e1776255918668.jpeg?strip=all\",\"width\":965,\"height\":965},{\"@type\":\"BreadcrumbList\",\"@id\":\"https:\\\/\\\/alluringbeauty.sk\\\/en\\\/produkt\\\/retinol-blemish-complex-kopia\\\/#breadcrumb\",\"itemListElement\":[{\"@type\":\"ListItem\",\"position\":1,\"name\":\"Home\",\"item\":\"https:\\\/\\\/alluringbeauty.sk\\\/en\\\/home\\\/\"},{\"@type\":\"ListItem\",\"position\":2,\"name\":\"Shop\",\"item\":\"https:\\\/\\\/alluringbeauty.sk\\\/obchod\\\/\"},{\"@type\":\"ListItem\",\"position\":3,\"name\":\"NECK COMPLEX\"}]},{\"@type\":\"WebSite\",\"@id\":\"https:\\\/\\\/alluringbeauty.sk\\\/en\\\/#website\",\"url\":\"https:\\\/\\\/alluringbeauty.sk\\\/en\\\/\",\"name\":\"Alluring Beauty\",\"description\":\"\",\"publisher\":{\"@id\":\"https:\\\/\\\/alluringbeauty.sk\\\/en\\\/#organization\"},\"potentialAction\":[{\"@type\":\"SearchAction\",\"target\":{\"@type\":\"EntryPoint\",\"urlTemplate\":\"https:\\\/\\\/alluringbeauty.sk\\\/en\\\/?s={search_term_string}\"},\"query-input\":{\"@type\":\"PropertyValueSpecification\",\"valueRequired\":true,\"valueName\":\"search_term_string\"}}],\"inLanguage\":\"en-US\"},{\"@type\":\"Organization\",\"@id\":\"https:\\\/\\\/alluringbeauty.sk\\\/en\\\/#organization\",\"name\":\"Alluring Beauty\",\"url\":\"https:\\\/\\\/alluringbeauty.sk\\\/en\\\/\",\"logo\":{\"@type\":\"ImageObject\",\"inLanguage\":\"en-US\",\"@id\":\"https:\\\/\\\/alluringbeauty.sk\\\/en\\\/#\\\/schema\\\/logo\\\/image\\\/\",\"url\":\"https:\\\/\\\/ez9ohzr8im2.exactdn.com\\\/wp-content\\\/uploads\\\/2019\\\/08\\\/Logo.png?strip=all\",\"contentUrl\":\"https:\\\/\\\/ez9ohzr8im2.exactdn.com\\\/wp-content\\\/uploads\\\/2019\\\/08\\\/Logo.png?strip=all\",\"width\":305,\"height\":74,\"caption\":\"Alluring Beauty\"},\"image\":{\"@id\":\"https:\\\/\\\/alluringbeauty.sk\\\/en\\\/#\\\/schema\\\/logo\\\/image\\\/\"}}]}<\/script>\n<!-- \/ Yoast SEO plugin. -->","yoast_head_json":{"title":"NECK COMPLEX - Alluring Beauty","robots":{"index":"index","follow":"follow","max-snippet":"max-snippet:-1","max-image-preview":"max-image-preview:large","max-video-preview":"max-video-preview:-1"},"canonical":"https:\/\/alluringbeauty.sk\/en\/produkt\/retinol-blemish-complex-kopia\/","og_locale":"en_US","og_type":"article","og_title":"NECK COMPLEX - Alluring Beauty","og_description":"Anti-aging serum for the neck and d\u00e9collet\u00e9 It smooths fine lines, firms the skin, and improves its elasticity in the neck and d\u00e9collet\u00e9 area, where signs of aging appear most quickly. The advanced formula with peptides and growth factors promotes collagen production, evens out skin tone, and visibly reduces sagging. It helps improve skin texture, [&hellip;]","og_url":"https:\/\/alluringbeauty.sk\/en\/produkt\/retinol-blemish-complex-kopia\/","og_site_name":"Alluring Beauty","article_modified_time":"2026-04-15T12:26:58+00:00","og_image":[{"width":965,"height":965,"url":"https:\/\/ez9ohzr8im2.exactdn.com\/wp-content\/uploads\/2026\/04\/WhatsApp-Image-2026-04-11-at-07.39.52-e1776255918668.jpeg?strip=all","type":"image\/jpeg"}],"twitter_card":"summary_large_image","twitter_misc":{"Est. reading time":"1 minute"},"schema":{"@context":"https:\/\/schema.org","@graph":[{"@type":"WebPage","@id":"https:\/\/alluringbeauty.sk\/en\/produkt\/retinol-blemish-complex-kopia\/","url":"https:\/\/alluringbeauty.sk\/en\/produkt\/retinol-blemish-complex-kopia\/","name":"NECK COMPLEX - Alluring Beauty","isPartOf":{"@id":"https:\/\/alluringbeauty.sk\/en\/#website"},"primaryImageOfPage":{"@id":"https:\/\/alluringbeauty.sk\/en\/produkt\/retinol-blemish-complex-kopia\/#primaryimage"},"image":{"@id":"https:\/\/alluringbeauty.sk\/en\/produkt\/retinol-blemish-complex-kopia\/#primaryimage"},"thumbnailUrl":"https:\/\/ez9ohzr8im2.exactdn.com\/wp-content\/uploads\/2026\/04\/WhatsApp-Image-2026-04-11-at-07.39.52-e1776255918668.jpeg?strip=all","datePublished":"2026-04-15T12:23:37+00:00","dateModified":"2026-04-15T12:26:58+00:00","breadcrumb":{"@id":"https:\/\/alluringbeauty.sk\/en\/produkt\/retinol-blemish-complex-kopia\/#breadcrumb"},"inLanguage":"en-US","potentialAction":[{"@type":"ReadAction","target":["https:\/\/alluringbeauty.sk\/en\/produkt\/retinol-blemish-complex-kopia\/"]}]},{"@type":"ImageObject","inLanguage":"en-US","@id":"https:\/\/alluringbeauty.sk\/en\/produkt\/retinol-blemish-complex-kopia\/#primaryimage","url":"https:\/\/ez9ohzr8im2.exactdn.com\/wp-content\/uploads\/2026\/04\/WhatsApp-Image-2026-04-11-at-07.39.52-e1776255918668.jpeg?strip=all","contentUrl":"https:\/\/ez9ohzr8im2.exactdn.com\/wp-content\/uploads\/2026\/04\/WhatsApp-Image-2026-04-11-at-07.39.52-e1776255918668.jpeg?strip=all","width":965,"height":965},{"@type":"BreadcrumbList","@id":"https:\/\/alluringbeauty.sk\/en\/produkt\/retinol-blemish-complex-kopia\/#breadcrumb","itemListElement":[{"@type":"ListItem","position":1,"name":"Home","item":"https:\/\/alluringbeauty.sk\/en\/home\/"},{"@type":"ListItem","position":2,"name":"Shop","item":"https:\/\/alluringbeauty.sk\/obchod\/"},{"@type":"ListItem","position":3,"name":"NECK COMPLEX"}]},{"@type":"WebSite","@id":"https:\/\/alluringbeauty.sk\/en\/#website","url":"https:\/\/alluringbeauty.sk\/en\/","name":"Alluring Beauty","description":"","publisher":{"@id":"https:\/\/alluringbeauty.sk\/en\/#organization"},"potentialAction":[{"@type":"SearchAction","target":{"@type":"EntryPoint","urlTemplate":"https:\/\/alluringbeauty.sk\/en\/?s={search_term_string}"},"query-input":{"@type":"PropertyValueSpecification","valueRequired":true,"valueName":"search_term_string"}}],"inLanguage":"en-US"},{"@type":"Organization","@id":"https:\/\/alluringbeauty.sk\/en\/#organization","name":"Alluring Beauty","url":"https:\/\/alluringbeauty.sk\/en\/","logo":{"@type":"ImageObject","inLanguage":"en-US","@id":"https:\/\/alluringbeauty.sk\/en\/#\/schema\/logo\/image\/","url":"https:\/\/ez9ohzr8im2.exactdn.com\/wp-content\/uploads\/2019\/08\/Logo.png?strip=all","contentUrl":"https:\/\/ez9ohzr8im2.exactdn.com\/wp-content\/uploads\/2019\/08\/Logo.png?strip=all","width":305,"height":74,"caption":"Alluring Beauty"},"image":{"@id":"https:\/\/alluringbeauty.sk\/en\/#\/schema\/logo\/image\/"}}]}},"_links":{"self":[{"href":"https:\/\/alluringbeauty.sk\/en\/wp-json\/wp\/v2\/product\/6111","targetHints":{"allow":["GET"]}}],"collection":[{"href":"https:\/\/alluringbeauty.sk\/en\/wp-json\/wp\/v2\/product"}],"about":[{"href":"https:\/\/alluringbeauty.sk\/en\/wp-json\/wp\/v2\/types\/product"}],"wp:featuredmedia":[{"embeddable":true,"href":"https:\/\/alluringbeauty.sk\/en\/wp-json\/wp\/v2\/media\/6113"}],"wp:attachment":[{"href":"https:\/\/alluringbeauty.sk\/en\/wp-json\/wp\/v2\/media?parent=6111"}],"wp:term":[{"taxonomy":"product_brand","embeddable":true,"href":"https:\/\/alluringbeauty.sk\/en\/wp-json\/wp\/v2\/product_brand?post=6111"},{"taxonomy":"product_cat","embeddable":true,"href":"https:\/\/alluringbeauty.sk\/en\/wp-json\/wp\/v2\/product_cat?post=6111"},{"taxonomy":"product_tag","embeddable":true,"href":"https:\/\/alluringbeauty.sk\/en\/wp-json\/wp\/v2\/product_tag?post=6111"}],"curies":[{"name":"wp","href":"https:\/\/api.w.org\/{rel}","templated":true}]}}